{"id":21688,"date":"2023-06-25T10:50:56","date_gmt":"2023-06-25T08:50:56","guid":{"rendered":"http:\/\/www.marthapalermo.it\/?post_type=product&#038;p=21688"},"modified":"2026-02-21T19:05:36","modified_gmt":"2026-02-21T18:05:36","slug":"voce-e-dar-voce-dal-proprio-se-al-coro-di-bambini","status":"publish","type":"product","link":"https:\/\/www.marthapalermo.it\/en\/eventi\/teacher-training\/voce-e-dar-voce-dal-proprio-se-al-coro-di-bambini\/","title":{"rendered":"VOCE E DAR VOCE"},"content":{"rendered":"","protected":false},"excerpt":{"rendered":"<p><strong>Voce e dar voce: dal proprio s\u00e9 al coro di bambini<\/strong><br \/>\n<span style=\"color: #d4625e;\">Tre Workshop<\/span><br \/>\nI tre workshop, indirizzati all\u2019impiego della voce nella coralit\u00e0 e a un necessario approfondimento, sia scientifico che pedagogico, sono rivolti a chi intende far musica nella scuola (dalla Scuola dell\u2019infanzia alla Secondaria di primo grado) o nelle realt\u00e0 associative. Non sono richiesti prerequisiti per l\u2019iscrizione.<\/p>\n<p>Necessario punto di partenza sar\u00e0 un innovativo e coinvolgente lavoro sulla voce individuale di ogni partecipante, modello insostituibile di ogni possibile dialogo sonoro con la prima infanzia.<\/p>\n<p>Da qui ci si orienter\u00e0 nel delicato e affascinante mondo della voce e della coralit\u00e0 di bambini e ragazzi, visto come occasione di crescita espressiva e artistica, di maggiore consapevolezza di s\u00e9 e praticato come modello per la realizzazione di un\u2019armoniosa ed esemplare relazione umana. I corsisti beneficeranno dei materiali didattici forniti dal docente e utilizzati durante i workshop.<\/p>\n<p>&nbsp;<\/p>\n<p><strong>Moduli<\/strong><\/p>\n<ol>\n<li>Uno, due, tre\u2026 contatto | 4-5 Marzo 2023<\/li>\n<li>Cantare per gioco | 27-28 Maggio 2023<\/li>\n<li>L\u2019orchestra delle voci | 24-25 Giugno 2023<\/li>\n<\/ol>\n","protected":false},"author":1,"featured_media":24023,"template":"","meta":{"_acf_changed":false,"give_campaign_id":0,"_monsterinsights_skip_tracking":false,"_monsterinsights_sitenote_active":false,"_monsterinsights_sitenote_note":"","_monsterinsights_sitenote_category":0,"site-sidebar-layout":"default","site-content-layout":"","ast-site-content-layout":"default","site-content-style":"default","site-sidebar-style":"default","ast-global-header-display":"","ast-banner-title-visibility":"","ast-main-header-display":"","ast-hfb-above-header-display":"","ast-hfb-below-header-display":"","ast-hfb-mobile-header-display":"","site-post-title":"","ast-breadcrumbs-content":"","ast-featured-img":"","footer-sml-layout":"","ast-disable-related-posts":"","theme-transparent-header-meta":"default","adv-header-id-meta":"","stick-header-meta":"","header-above-stick-meta":"","header-main-stick-meta":"","header-below-stick-meta":"","astra-migrate-meta-layouts":"set","ast-page-background-enabled":"default","ast-page-background-meta":{"desktop":{"background-color":"var(--ast-global-color-4)","background-image":"","background-repeat":"repeat","background-position":"center center","background-size":"auto","background-attachment":"scroll","background-type":"","background-media":"","overlay-type":"","overlay-color":"","overlay-opacity":"","overlay-gradient":""},"tablet":{"background-color":"","background-image":"","background-repeat":"repeat","background-position":"center center","background-size":"auto","background-attachment":"scroll","background-type":"","background-media":"","overlay-type":"","overlay-color":"","overlay-opacity":"","overlay-gradient":""},"mobile":{"background-color":"","background-image":"","background-repeat":"repeat","background-position":"center center","background-size":"auto","background-attachment":"scroll","background-type":"","background-media":"","overlay-type":"","overlay-color":"","overlay-opacity":"","overlay-gradient":""}},"ast-content-background-meta":{"desktop":{"background-color":"var(--ast-global-color-5)","background-image":"","background-repeat":"repeat","background-position":"center center","background-size":"auto","background-attachment":"scroll","background-type":"","background-media":"","overlay-type":"","overlay-color":"","overlay-opacity":"","overlay-gradient":""},"tablet":{"background-color":"var(--ast-global-color-5)","background-image":"","background-repeat":"repeat","background-position":"center center","background-size":"auto","background-attachment":"scroll","background-type":"","background-media":"","overlay-type":"","overlay-color":"","overlay-opacity":"","overlay-gradient":""},"mobile":{"background-color":"var(--ast-global-color-5)","background-image":"","background-repeat":"repeat","background-position":"center center","background-size":"auto","background-attachment":"scroll","background-type":"","background-media":"","overlay-type":"","overlay-color":"","overlay-opacity":"","overlay-gradient":""}}},"product_brand":[],"product_cat":[97],"product_tag":[418],"class_list":{"0":"post-21688","1":"product","2":"type-product","3":"status-publish","4":"has-post-thumbnail","6":"product_cat-formazione-docenti","7":"product_tag-noway","8":"desktop-align-left","9":"tablet-align-left","10":"mobile-align-left","12":"first","13":"instock","14":"taxable","15":"shipping-taxable","16":"product-type-simple"},"acf":[],"_links":{"self":[{"href":"https:\/\/www.marthapalermo.it\/en\/wp-json\/wp\/v2\/product\/21688","targetHints":{"allow":["GET"]}}],"collection":[{"href":"https:\/\/www.marthapalermo.it\/en\/wp-json\/wp\/v2\/product"}],"about":[{"href":"https:\/\/www.marthapalermo.it\/en\/wp-json\/wp\/v2\/types\/product"}],"author":[{"embeddable":true,"href":"https:\/\/www.marthapalermo.it\/en\/wp-json\/wp\/v2\/users\/1"}],"wp:featuredmedia":[{"embeddable":true,"href":"https:\/\/www.marthapalermo.it\/en\/wp-json\/wp\/v2\/media\/24023"}],"wp:attachment":[{"href":"https:\/\/www.marthapalermo.it\/en\/wp-json\/wp\/v2\/media?parent=21688"}],"wp:term":[{"taxonomy":"product_brand","embeddable":true,"href":"https:\/\/www.marthapalermo.it\/en\/wp-json\/wp\/v2\/product_brand?post=21688"},{"taxonomy":"product_cat","embeddable":true,"href":"https:\/\/www.marthapalermo.it\/en\/wp-json\/wp\/v2\/product_cat?post=21688"},{"taxonomy":"product_tag","embeddable":true,"href":"https:\/\/www.marthapalermo.it\/en\/wp-json\/wp\/v2\/product_tag?post=21688"}],"curies":[{"name":"wp","href":"https:\/\/api.w.org\/{rel}","templated":true}]}}