{"id":23462,"date":"2023-04-11T12:07:13","date_gmt":"2023-04-11T10:07:13","guid":{"rendered":"http:\/\/www.marthapalermo.it\/?post_type=product&#038;p=23462"},"modified":"2026-03-15T20:22:38","modified_gmt":"2026-03-15T19:22:38","slug":"masterclass-di-clarinetto-con-patrick-messina","status":"publish","type":"product","link":"https:\/\/www.marthapalermo.it\/en\/eventi\/masterclass-en\/masterclass-di-clarinetto-con-patrick-messina\/","title":{"rendered":"Masterclass di Clarinetto"},"content":{"rendered":"","protected":false},"excerpt":{"rendered":"<p><strong>MARTHA \u2013 Music ART House Academy<\/strong> porta a Palermo il grande clarinettista <strong>Patrick Messina<\/strong>, Primo Clarinetto dell\u2019Orchestre National de France, per una masterclass rivolta a tutti i clarinettisti.<\/p>\n<p>Durante le due giornate, il Maestro affronter\u00e0 e spiegher\u00e0 le pi\u00f9 importanti questioni legate alla tecnica, al suono, al repertorio solistico\/cameristico e alle audizioni orchestrali, con lezioni individuali in cui ognuno potr\u00e0 andare in profondit\u00e0 nei brani che sta studiando e preparando per futuri esami, concerti o audizioni.<\/p>\n<p><strong>MODALIT\u00c0 E COSTI<br \/>\n<\/strong><strong>EFFETTIVI<\/strong><\/p>\n<p>\u25cf n. 2 lezioni individuali su repertorio e passi d\u2019orchestra: 240\u20ac<\/p>\n<p>\u25cf n. 2 lezioni individuali con pianista accompagnatore: 290\u20ac<\/p>\n<p><strong>UDITORI<\/strong><\/p>\n<p>Accesso libero a tutte le lezioni: 40\u20ac<br \/>\nOgni iscritto pu\u00f2 richiedere ore di lezione aggiuntive al costo di 100\u20ac l\u2019una.<\/p>\n<p>I prezzi si intendono tutti IVA inclusa.<\/p>\n<p><strong>IMPORTANTE:<\/strong><\/p>\n<p>I posti sono limitati. Per riservare il proprio posto in qualit\u00e0 di <strong>allievo effettivo<\/strong>, \u00e8 richiesta una <strong>quota d\u2019iscrizione di 50\u20ac<\/strong> da versare entro il <strong>30 marzo 2023<\/strong>.<\/p>\n<p>La masterclass si attiver\u00e0 al raggiungimento del numero minimo di iscritti. Nell\u2019eventualit\u00e0 in cui non dovesse svolgersi, la quota di iscrizione verr\u00e0 immediatamente rimborsata.<\/p>\n<p><strong>Luogo della masterclass<\/strong>: sede di MARTHA, Via Siracusa n. 32 \u2013 90141 Palermo<\/p>\n<p><strong>Per informazioni e per ricevere il modulo di iscrizione: info@marthapalermo.it<\/strong><\/p>\n<p>&nbsp;<\/p>\n","protected":false},"author":1,"featured_media":6750,"template":"","meta":{"_acf_changed":false,"give_campaign_id":0,"_monsterinsights_skip_tracking":false,"_monsterinsights_sitenote_active":false,"_monsterinsights_sitenote_note":"","_monsterinsights_sitenote_category":0,"site-sidebar-layout":"default","site-content-layout":"","ast-site-content-layout":"default","site-content-style":"default","site-sidebar-style":"default","ast-global-header-display":"","ast-banner-title-visibility":"","ast-main-header-display":"","ast-hfb-above-header-display":"","ast-hfb-below-header-display":"","ast-hfb-mobile-header-display":"","site-post-title":"","ast-breadcrumbs-content":"","ast-featured-img":"","footer-sml-layout":"","ast-disable-related-posts":"","theme-transparent-header-meta":"default","adv-header-id-meta":"","stick-header-meta":"","header-above-stick-meta":"","header-main-stick-meta":"","header-below-stick-meta":"","astra-migrate-meta-layouts":"set","ast-page-background-enabled":"default","ast-page-background-meta":{"desktop":{"background-color":"var(--ast-global-color-4)","background-image":"","background-repeat":"repeat","background-position":"center center","background-size":"auto","background-attachment":"scroll","background-type":"","background-media":"","overlay-type":"","overlay-color":"","overlay-opacity":"","overlay-gradient":""},"tablet":{"background-color":"","background-image":"","background-repeat":"repeat","background-position":"center center","background-size":"auto","background-attachment":"scroll","background-type":"","background-media":"","overlay-type":"","overlay-color":"","overlay-opacity":"","overlay-gradient":""},"mobile":{"background-color":"","background-image":"","background-repeat":"repeat","background-position":"center center","background-size":"auto","background-attachment":"scroll","background-type":"","background-media":"","overlay-type":"","overlay-color":"","overlay-opacity":"","overlay-gradient":""}},"ast-content-background-meta":{"desktop":{"background-color":"var(--ast-global-color-5)","background-image":"","background-repeat":"repeat","background-position":"center center","background-size":"auto","background-attachment":"scroll","background-type":"","background-media":"","overlay-type":"","overlay-color":"","overlay-opacity":"","overlay-gradient":""},"tablet":{"background-color":"var(--ast-global-color-5)","background-image":"","background-repeat":"repeat","background-position":"center center","background-size":"auto","background-attachment":"scroll","background-type":"","background-media":"","overlay-type":"","overlay-color":"","overlay-opacity":"","overlay-gradient":""},"mobile":{"background-color":"var(--ast-global-color-5)","background-image":"","background-repeat":"repeat","background-position":"center center","background-size":"auto","background-attachment":"scroll","background-type":"","background-media":"","overlay-type":"","overlay-color":"","overlay-opacity":"","overlay-gradient":""}}},"product_brand":[],"product_cat":[87],"product_tag":[418],"class_list":{"0":"post-23462","1":"product","2":"type-product","3":"status-publish","4":"has-post-thumbnail","6":"product_cat-masterclass","7":"product_tag-noway","8":"desktop-align-left","9":"tablet-align-left","10":"mobile-align-left","12":"first","13":"instock","14":"taxable","15":"shipping-taxable","16":"product-type-simple"},"acf":[],"_links":{"self":[{"href":"https:\/\/www.marthapalermo.it\/en\/wp-json\/wp\/v2\/product\/23462","targetHints":{"allow":["GET"]}}],"collection":[{"href":"https:\/\/www.marthapalermo.it\/en\/wp-json\/wp\/v2\/product"}],"about":[{"href":"https:\/\/www.marthapalermo.it\/en\/wp-json\/wp\/v2\/types\/product"}],"author":[{"embeddable":true,"href":"https:\/\/www.marthapalermo.it\/en\/wp-json\/wp\/v2\/users\/1"}],"wp:featuredmedia":[{"embeddable":true,"href":"https:\/\/www.marthapalermo.it\/en\/wp-json\/wp\/v2\/media\/6750"}],"wp:attachment":[{"href":"https:\/\/www.marthapalermo.it\/en\/wp-json\/wp\/v2\/media?parent=23462"}],"wp:term":[{"taxonomy":"product_brand","embeddable":true,"href":"https:\/\/www.marthapalermo.it\/en\/wp-json\/wp\/v2\/product_brand?post=23462"},{"taxonomy":"product_cat","embeddable":true,"href":"https:\/\/www.marthapalermo.it\/en\/wp-json\/wp\/v2\/product_cat?post=23462"},{"taxonomy":"product_tag","embeddable":true,"href":"https:\/\/www.marthapalermo.it\/en\/wp-json\/wp\/v2\/product_tag?post=23462"}],"curies":[{"name":"wp","href":"https:\/\/api.w.org\/{rel}","templated":true}]}}