{"id":23478,"date":"2023-04-03T13:04:24","date_gmt":"2023-04-03T11:04:24","guid":{"rendered":"http:\/\/www.marthapalermo.it\/?post_type=product&#038;p=23478"},"modified":"2026-03-15T20:22:39","modified_gmt":"2026-03-15T19:22:39","slug":"forme-nello-spazio","status":"publish","type":"product","link":"https:\/\/www.marthapalermo.it\/en\/eventi\/other-events\/forme-nello-spazio\/","title":{"rendered":"Forme nello spazio"},"content":{"rendered":"","protected":false},"excerpt":{"rendered":"<blockquote><p><em>&#8220;Il presente \u00e8 geografico, \u00e8 testimonianza dell\u2019esserci, dell\u2019abitare, dell\u2019esistenza legata a una collettivit\u00e0 che si mostra, ma non vi \u00e8 stare senza andare, dimorare senza camminare, rimanere senza allontanarsi e ritornare. Musica del presente abitato e di tutto ci\u00f2 che circonda la residenza, del mondo lontano\/vicino che forma il (mio) presente.\u201d<\/em><\/p>\n<p>Renzo Cresti, Musica presente<\/p><\/blockquote>\n<p>&nbsp;<\/p>\n<p>Dopo il debutto di 12 MOTIVI ai Cantieri Culturali alla Zisa di Palermo, il compositore Francesco Leineri ripercorrer\u00e0 in un talk il pensiero creativo alla base del lavoro e la sua poetica in relazione alle forme musicali e al territorio.<\/p>\n<p>Cosa vuol dire fare musica nel presente fra tradizione e innovazione? Quali gli spazi per la nuova generazione di interpreti e artisti, in quali circuiti produttivi?<\/p>\n<p>Svelando il processo alla base del suo 12 MOTIVI, Francesco racconter\u00e0 del suo recente dialogo con la citt\u00e0 di Palermo, sua citt\u00e0 natale, e le sue esperienze compositive pregresse attraversate da teatro, fondazioni d\u2019arte, televisione e tessuto sociale urbano, spesso al di l\u00e0 dei codici di fruibilit\u00e0 consueta del fatto musicale.<\/p>\n","protected":false},"author":1,"featured_media":16897,"template":"","meta":{"_acf_changed":false,"give_campaign_id":0,"_monsterinsights_skip_tracking":false,"_monsterinsights_sitenote_active":false,"_monsterinsights_sitenote_note":"","_monsterinsights_sitenote_category":0,"site-sidebar-layout":"default","site-content-layout":"","ast-site-content-layout":"default","site-content-style":"default","site-sidebar-style":"default","ast-global-header-display":"","ast-banner-title-visibility":"","ast-main-header-display":"","ast-hfb-above-header-display":"","ast-hfb-below-header-display":"","ast-hfb-mobile-header-display":"","site-post-title":"","ast-breadcrumbs-content":"","ast-featured-img":"","footer-sml-layout":"","ast-disable-related-posts":"","theme-transparent-header-meta":"default","adv-header-id-meta":"","stick-header-meta":"","header-above-stick-meta":"","header-main-stick-meta":"","header-below-stick-meta":"","astra-migrate-meta-layouts":"set","ast-page-background-enabled":"default","ast-page-background-meta":{"desktop":{"background-color":"var(--ast-global-color-4)","background-image":"","background-repeat":"repeat","background-position":"center center","background-size":"auto","background-attachment":"scroll","background-type":"","background-media":"","overlay-type":"","overlay-color":"","overlay-opacity":"","overlay-gradient":""},"tablet":{"background-color":"","background-image":"","background-repeat":"repeat","background-position":"center center","background-size":"auto","background-attachment":"scroll","background-type":"","background-media":"","overlay-type":"","overlay-color":"","overlay-opacity":"","overlay-gradient":""},"mobile":{"background-color":"","background-image":"","background-repeat":"repeat","background-position":"center center","background-size":"auto","background-attachment":"scroll","background-type":"","background-media":"","overlay-type":"","overlay-color":"","overlay-opacity":"","overlay-gradient":""}},"ast-content-background-meta":{"desktop":{"background-color":"var(--ast-global-color-5)","background-image":"","background-repeat":"repeat","background-position":"center center","background-size":"auto","background-attachment":"scroll","background-type":"","background-media":"","overlay-type":"","overlay-color":"","overlay-opacity":"","overlay-gradient":""},"tablet":{"background-color":"var(--ast-global-color-5)","background-image":"","background-repeat":"repeat","background-position":"center center","background-size":"auto","background-attachment":"scroll","background-type":"","background-media":"","overlay-type":"","overlay-color":"","overlay-opacity":"","overlay-gradient":""},"mobile":{"background-color":"var(--ast-global-color-5)","background-image":"","background-repeat":"repeat","background-position":"center center","background-size":"auto","background-attachment":"scroll","background-type":"","background-media":"","overlay-type":"","overlay-color":"","overlay-opacity":"","overlay-gradient":""}}},"product_brand":[],"product_cat":[158],"product_tag":[418],"class_list":{"0":"post-23478","1":"product","2":"type-product","3":"status-publish","4":"has-post-thumbnail","6":"product_cat-altro","7":"product_tag-noway","8":"desktop-align-left","9":"tablet-align-left","10":"mobile-align-left","12":"first","13":"instock","14":"taxable","15":"shipping-taxable","16":"product-type-simple"},"acf":[],"_links":{"self":[{"href":"https:\/\/www.marthapalermo.it\/en\/wp-json\/wp\/v2\/product\/23478","targetHints":{"allow":["GET"]}}],"collection":[{"href":"https:\/\/www.marthapalermo.it\/en\/wp-json\/wp\/v2\/product"}],"about":[{"href":"https:\/\/www.marthapalermo.it\/en\/wp-json\/wp\/v2\/types\/product"}],"author":[{"embeddable":true,"href":"https:\/\/www.marthapalermo.it\/en\/wp-json\/wp\/v2\/users\/1"}],"wp:featuredmedia":[{"embeddable":true,"href":"https:\/\/www.marthapalermo.it\/en\/wp-json\/wp\/v2\/media\/16897"}],"wp:attachment":[{"href":"https:\/\/www.marthapalermo.it\/en\/wp-json\/wp\/v2\/media?parent=23478"}],"wp:term":[{"taxonomy":"product_brand","embeddable":true,"href":"https:\/\/www.marthapalermo.it\/en\/wp-json\/wp\/v2\/product_brand?post=23478"},{"taxonomy":"product_cat","embeddable":true,"href":"https:\/\/www.marthapalermo.it\/en\/wp-json\/wp\/v2\/product_cat?post=23478"},{"taxonomy":"product_tag","embeddable":true,"href":"https:\/\/www.marthapalermo.it\/en\/wp-json\/wp\/v2\/product_tag?post=23478"}],"curies":[{"name":"wp","href":"https:\/\/api.w.org\/{rel}","templated":true}]}}