{"id":23729,"date":"2023-12-22T13:41:22","date_gmt":"2023-12-22T12:41:22","guid":{"rendered":"http:\/\/www.marthapalermo.it\/?post_type=product&#038;p=23729"},"modified":"2026-02-21T19:08:06","modified_gmt":"2026-02-21T18:08:06","slug":"home-recording","status":"publish","type":"product","link":"https:\/\/www.marthapalermo.it\/en\/eventi\/seminars\/home-recording\/","title":{"rendered":"Home Recording"},"content":{"rendered":"","protected":false},"excerpt":{"rendered":"<p>Il seminario \u201c<em>Home Recording. Dalla registrazione di base alla produzione professionale<\/em>\u201d \u00e8 un opportunit\u00e0 per imparare a registrarsi autonomamente e creare produzioni audio di qualit\u00e0.<\/p>\n<p>Durante il corso, verranno trattati gli elementi fondamentali per acquisire le<strong>\u00a0competenze di base sulla registrazione e la post-produzione.<\/strong>\u00a0Saranno esaminati tutti i componenti essenziali per un\u00a0<strong>setup di registrazione domestico funzionale alle esigenze del singolo musicista<\/strong>, come microfoni, interfacce audio e software di registrazione. Verranno proposte alcune configurazioni di diverse fasce di prezzo e sar\u00e0 discussa l\u2019importanza dell\u2019ambiente acustico, fornendo consigli e rimedi su come ottimizzarlo e migliorarlo. Dopo avere affrontato l\u2019argomento della registrazione si passer\u00e0 alle nozioni di base della post-produzione, dal\u00a0<strong>montaggio<\/strong>, alla scelta degli effetti, fino all\u2019export in vari\u00a0<strong>formati audio<\/strong>\u00a0compatibili con le diverse piattaforme di distribuzione come SoundCloud, Spotify e YouTube. Infine, verranno esplorate le differenze tra la registrazione in studio e l\u2019home recording, imparando a valutare quando optare per la prima e quando<br \/>\nper la seconda opzione.<\/p>\n<p>Il seminario \u201c<em>Home Recording. Dalla registrazione di base alla produzione professionale\u201d<\/em>\u00a0\u00e8 adatto a tutti coloro che desiderano creare contenuti audio di qualit\u00e0 nel comfort del proprio ambiente domestico.<\/p>\n<p>&nbsp;<\/p>\n<h5 class=\"elementor-heading-title elementor-size-default\" style=\"font-weight: 500; font-style: inherit; color: var( --e-global-color-accent );\"><span style=\"color: #d4625e;\">Alla termine del seminario sar\u00e0 rilasciato ai partecipanti un attestato di frequenza.<\/span><\/h5>\n","protected":false},"author":1,"featured_media":23730,"template":"","meta":{"_acf_changed":false,"give_campaign_id":0,"_monsterinsights_skip_tracking":false,"_monsterinsights_sitenote_active":false,"_monsterinsights_sitenote_note":"","_monsterinsights_sitenote_category":0,"site-sidebar-layout":"default","site-content-layout":"","ast-site-content-layout":"default","site-content-style":"default","site-sidebar-style":"default","ast-global-header-display":"","ast-banner-title-visibility":"","ast-main-header-display":"","ast-hfb-above-header-display":"","ast-hfb-below-header-display":"","ast-hfb-mobile-header-display":"","site-post-title":"","ast-breadcrumbs-content":"","ast-featured-img":"","footer-sml-layout":"","ast-disable-related-posts":"","theme-transparent-header-meta":"default","adv-header-id-meta":"","stick-header-meta":"","header-above-stick-meta":"","header-main-stick-meta":"","header-below-stick-meta":"","astra-migrate-meta-layouts":"set","ast-page-background-enabled":"default","ast-page-background-meta":{"desktop":{"background-color":"var(--ast-global-color-4)","background-image":"","background-repeat":"repeat","background-position":"center center","background-size":"auto","background-attachment":"scroll","background-type":"","background-media":"","overlay-type":"","overlay-color":"","overlay-opacity":"","overlay-gradient":""},"tablet":{"background-color":"","background-image":"","background-repeat":"repeat","background-position":"center center","background-size":"auto","background-attachment":"scroll","background-type":"","background-media":"","overlay-type":"","overlay-color":"","overlay-opacity":"","overlay-gradient":""},"mobile":{"background-color":"","background-image":"","background-repeat":"repeat","background-position":"center center","background-size":"auto","background-attachment":"scroll","background-type":"","background-media":"","overlay-type":"","overlay-color":"","overlay-opacity":"","overlay-gradient":""}},"ast-content-background-meta":{"desktop":{"background-color":"var(--ast-global-color-5)","background-image":"","background-repeat":"repeat","background-position":"center center","background-size":"auto","background-attachment":"scroll","background-type":"","background-media":"","overlay-type":"","overlay-color":"","overlay-opacity":"","overlay-gradient":""},"tablet":{"background-color":"var(--ast-global-color-5)","background-image":"","background-repeat":"repeat","background-position":"center center","background-size":"auto","background-attachment":"scroll","background-type":"","background-media":"","overlay-type":"","overlay-color":"","overlay-opacity":"","overlay-gradient":""},"mobile":{"background-color":"var(--ast-global-color-5)","background-image":"","background-repeat":"repeat","background-position":"center center","background-size":"auto","background-attachment":"scroll","background-type":"","background-media":"","overlay-type":"","overlay-color":"","overlay-opacity":"","overlay-gradient":""}}},"product_brand":[],"product_cat":[101],"product_tag":[418],"class_list":{"0":"post-23729","1":"product","2":"type-product","3":"status-publish","4":"has-post-thumbnail","6":"product_cat-seminari","7":"product_tag-noway","8":"desktop-align-left","9":"tablet-align-left","10":"mobile-align-left","12":"first","13":"instock","14":"taxable","15":"shipping-taxable","16":"product-type-variable"},"acf":[],"_links":{"self":[{"href":"https:\/\/www.marthapalermo.it\/en\/wp-json\/wp\/v2\/product\/23729","targetHints":{"allow":["GET"]}}],"collection":[{"href":"https:\/\/www.marthapalermo.it\/en\/wp-json\/wp\/v2\/product"}],"about":[{"href":"https:\/\/www.marthapalermo.it\/en\/wp-json\/wp\/v2\/types\/product"}],"author":[{"embeddable":true,"href":"https:\/\/www.marthapalermo.it\/en\/wp-json\/wp\/v2\/users\/1"}],"wp:featuredmedia":[{"embeddable":true,"href":"https:\/\/www.marthapalermo.it\/en\/wp-json\/wp\/v2\/media\/23730"}],"wp:attachment":[{"href":"https:\/\/www.marthapalermo.it\/en\/wp-json\/wp\/v2\/media?parent=23729"}],"wp:term":[{"taxonomy":"product_brand","embeddable":true,"href":"https:\/\/www.marthapalermo.it\/en\/wp-json\/wp\/v2\/product_brand?post=23729"},{"taxonomy":"product_cat","embeddable":true,"href":"https:\/\/www.marthapalermo.it\/en\/wp-json\/wp\/v2\/product_cat?post=23729"},{"taxonomy":"product_tag","embeddable":true,"href":"https:\/\/www.marthapalermo.it\/en\/wp-json\/wp\/v2\/product_tag?post=23729"}],"curies":[{"name":"wp","href":"https:\/\/api.w.org\/{rel}","templated":true}]}}