{"id":26046,"date":"2024-04-04T17:28:45","date_gmt":"2024-04-04T15:28:45","guid":{"rendered":"https:\/\/www.marthapalermo.it\/?post_type=product&#038;p=26046"},"modified":"2026-02-21T19:11:11","modified_gmt":"2026-02-21T18:11:11","slug":"sogni-e-presagi","status":"publish","type":"product","link":"https:\/\/www.marthapalermo.it\/en\/eventi\/house-concert-en\/sogni-e-presagi\/","title":{"rendered":"SOGNI E PRESAGI"},"content":{"rendered":"","protected":false},"excerpt":{"rendered":"<p><span style=\"font-weight: 400;\">Nell\u2019attuale panorama fortemente globalizzato della musica classica, emergono nuovi interpreti il cui percorso formativo \u00e8 caratterizzato da una fitta rete di rapporti con scuole ed artisti provenienti da tutto il mondo. Un esempio che si inserisce in questo contesto \u00e8 Giuseppe Guarrera, nato in Sicilia nel 1991.<\/span><\/p>\n<p>&nbsp;<\/p>\n<p><span style=\"font-weight: 400;\">Una irrefrenabile curiosit\u00e0, da sempre tratto dominante della sua personalit\u00e0 e motore di tutta la sua ricerca artistica ed esistenziale, lo ha portato in giovanissima et\u00e0 a decidere di lasciare la sua amata terra di origine e trasferirsi a Gorizia per studiare sotto la guida del geniale didatta russo Siavush Gadjiev. Giuseppe ha quindi completato la sua formazione a Berlino sotto la guida di Eldar Nebolsin, pianista uzbeko di fama internazionale, di Nelson Goerner, pianista argentino di scuola italiana, e di Daniel Barenboim.<\/span><\/p>\n","protected":false},"author":1,"featured_media":26084,"template":"","meta":{"_acf_changed":false,"give_campaign_id":0,"_monsterinsights_skip_tracking":false,"_monsterinsights_sitenote_active":false,"_monsterinsights_sitenote_note":"","_monsterinsights_sitenote_category":0,"site-sidebar-layout":"default","site-content-layout":"","ast-site-content-layout":"default","site-content-style":"default","site-sidebar-style":"default","ast-global-header-display":"","ast-banner-title-visibility":"","ast-main-header-display":"","ast-hfb-above-header-display":"","ast-hfb-below-header-display":"","ast-hfb-mobile-header-display":"","site-post-title":"","ast-breadcrumbs-content":"","ast-featured-img":"","footer-sml-layout":"","ast-disable-related-posts":"","theme-transparent-header-meta":"default","adv-header-id-meta":"","stick-header-meta":"","header-above-stick-meta":"","header-main-stick-meta":"","header-below-stick-meta":"","astra-migrate-meta-layouts":"set","ast-page-background-enabled":"default","ast-page-background-meta":{"desktop":{"background-color":"var(--ast-global-color-4)","background-image":"","background-repeat":"repeat","background-position":"center center","background-size":"auto","background-attachment":"scroll","background-type":"","background-media":"","overlay-type":"","overlay-color":"","overlay-opacity":"","overlay-gradient":""},"tablet":{"background-color":"","background-image":"","background-repeat":"repeat","background-position":"center center","background-size":"auto","background-attachment":"scroll","background-type":"","background-media":"","overlay-type":"","overlay-color":"","overlay-opacity":"","overlay-gradient":""},"mobile":{"background-color":"","background-image":"","background-repeat":"repeat","background-position":"center center","background-size":"auto","background-attachment":"scroll","background-type":"","background-media":"","overlay-type":"","overlay-color":"","overlay-opacity":"","overlay-gradient":""}},"ast-content-background-meta":{"desktop":{"background-color":"var(--ast-global-color-5)","background-image":"","background-repeat":"repeat","background-position":"center center","background-size":"auto","background-attachment":"scroll","background-type":"","background-media":"","overlay-type":"","overlay-color":"","overlay-opacity":"","overlay-gradient":""},"tablet":{"background-color":"var(--ast-global-color-5)","background-image":"","background-repeat":"repeat","background-position":"center center","background-size":"auto","background-attachment":"scroll","background-type":"","background-media":"","overlay-type":"","overlay-color":"","overlay-opacity":"","overlay-gradient":""},"mobile":{"background-color":"var(--ast-global-color-5)","background-image":"","background-repeat":"repeat","background-position":"center center","background-size":"auto","background-attachment":"scroll","background-type":"","background-media":"","overlay-type":"","overlay-color":"","overlay-opacity":"","overlay-gradient":""}}},"product_brand":[],"product_cat":[144],"product_tag":[418],"class_list":{"0":"post-26046","1":"product","2":"type-product","3":"status-publish","4":"has-post-thumbnail","6":"product_cat-house-concert","7":"product_tag-noway","8":"desktop-align-left","9":"tablet-align-left","10":"mobile-align-left","12":"first","13":"instock","14":"taxable","15":"shipping-taxable","16":"purchasable","17":"product-type-variable"},"acf":[],"_links":{"self":[{"href":"https:\/\/www.marthapalermo.it\/en\/wp-json\/wp\/v2\/product\/26046","targetHints":{"allow":["GET"]}}],"collection":[{"href":"https:\/\/www.marthapalermo.it\/en\/wp-json\/wp\/v2\/product"}],"about":[{"href":"https:\/\/www.marthapalermo.it\/en\/wp-json\/wp\/v2\/types\/product"}],"author":[{"embeddable":true,"href":"https:\/\/www.marthapalermo.it\/en\/wp-json\/wp\/v2\/users\/1"}],"wp:featuredmedia":[{"embeddable":true,"href":"https:\/\/www.marthapalermo.it\/en\/wp-json\/wp\/v2\/media\/26084"}],"wp:attachment":[{"href":"https:\/\/www.marthapalermo.it\/en\/wp-json\/wp\/v2\/media?parent=26046"}],"wp:term":[{"taxonomy":"product_brand","embeddable":true,"href":"https:\/\/www.marthapalermo.it\/en\/wp-json\/wp\/v2\/product_brand?post=26046"},{"taxonomy":"product_cat","embeddable":true,"href":"https:\/\/www.marthapalermo.it\/en\/wp-json\/wp\/v2\/product_cat?post=26046"},{"taxonomy":"product_tag","embeddable":true,"href":"https:\/\/www.marthapalermo.it\/en\/wp-json\/wp\/v2\/product_tag?post=26046"}],"curies":[{"name":"wp","href":"https:\/\/api.w.org\/{rel}","templated":true}]}}