{"id":26403,"date":"2024-05-13T14:00:18","date_gmt":"2024-05-13T12:00:18","guid":{"rendered":"https:\/\/www.marthapalermo.it\/?post_type=product&#038;p=26403"},"modified":"2026-02-21T19:12:46","modified_gmt":"2026-02-21T18:12:46","slug":"laboratori-artistici-per-bambini","status":"publish","type":"product","link":"https:\/\/www.marthapalermo.it\/en\/eventi\/other-events\/laboratori-artistici-per-bambini\/","title":{"rendered":"Laboratori artistici per bambini"},"content":{"rendered":"","protected":false},"excerpt":{"rendered":"<p>In occasione della mostra \u201cOmbra Raccolta\u201d di Alessandra Cal\u00f2 e Rossella Palazzolo, MARTHA &#8211; Music ART House Academy propone una serie di laboratori artistici a cura di Radici Piccolo Museo della Natura, Glifo Edizioni e La Casa della Musica.<\/p>\n<p>&nbsp;<\/p>\n<p>Ciascun laboratorio sar\u00e0 accompagnato da una visita guidata per i genitori o accompagnatori.<br \/>\nOgni bambino dovr\u00e0 essere accompagnato da un adulto di riferimento ed \u00e8 consigliato un abbigliamento comodo.<\/p>\n<p>&nbsp;<\/p>\n<p>&nbsp;<\/p>\n<h4><img fetchpriority=\"high\" decoding=\"async\" class=\"miomob wp-image-26555 size-medium alignnone\" src=\"https:\/\/www.marthapalermo.it\/wp-content\/uploads\/2024\/05\/LaMontagna-207x300.webp\" alt=\"\" width=\"207\" height=\"300\" srcset=\"https:\/\/www.marthapalermo.it\/wp-content\/uploads\/2024\/05\/LaMontagna-207x300.webp 207w, https:\/\/www.marthapalermo.it\/wp-content\/uploads\/2024\/05\/LaMontagna-705x1024.webp 705w, https:\/\/www.marthapalermo.it\/wp-content\/uploads\/2024\/05\/LaMontagna-768x1115.webp 768w, https:\/\/www.marthapalermo.it\/wp-content\/uploads\/2024\/05\/LaMontagna-1058x1536.webp 1058w, https:\/\/www.marthapalermo.it\/wp-content\/uploads\/2024\/05\/LaMontagna.webp 1200w\" sizes=\"(max-width: 207px) 100vw, 207px\" \/><\/h4>\n<h4><\/h4>\n<h4>Cos&#8217;\u00e8 la montagna?<\/h4>\n<p><strong>Lettura ad alta voce e laboratorio<\/strong><br \/>\na cura di Luca Lo Coco e Sarah Di Benedetto, Glifo Edizioni<br \/>\n<strong>Anni<\/strong>: 4 \u2013 6<\/p>\n<p>Una simpatica combriccola di animali pensa di sapere esattamente com&#8217;\u00e8 fatta la montagna. Ogni animale \u00e8 convinto che la montagna abbia un aspetto preciso che risulta per\u00f2 diverso da quello che dicono gli altri. Com\u2019\u00e8 possibile? Chi ha ragione?<br \/>\n\u2026. <span style=\"text-decoration: underline;\"><a href=\"#scopri\">Scopri di pi\u00f9<\/a><\/span><\/p>\n<p>&nbsp;<\/p>\n<h4><img decoding=\"async\" class=\"miomob wp-image-26557 size-medium alignnone\" src=\"https:\/\/www.marthapalermo.it\/wp-content\/uploads\/2024\/05\/IoVedoIoSentoIoTocco-207x300.webp\" alt=\"\" width=\"207\" height=\"300\" srcset=\"https:\/\/www.marthapalermo.it\/wp-content\/uploads\/2024\/05\/IoVedoIoSentoIoTocco-207x300.webp 207w, https:\/\/www.marthapalermo.it\/wp-content\/uploads\/2024\/05\/IoVedoIoSentoIoTocco-705x1024.webp 705w, https:\/\/www.marthapalermo.it\/wp-content\/uploads\/2024\/05\/IoVedoIoSentoIoTocco-768x1115.webp 768w, https:\/\/www.marthapalermo.it\/wp-content\/uploads\/2024\/05\/IoVedoIoSentoIoTocco-1058x1536.webp 1058w, https:\/\/www.marthapalermo.it\/wp-content\/uploads\/2024\/05\/IoVedoIoSentoIoTocco.webp 1200w\" sizes=\"(max-width: 207px) 100vw, 207px\" \/><\/h4>\n<h4><\/h4>\n<h4><\/h4>\n<h4>Io vedo, io sento, io tocco<\/h4>\n<p><strong>Laboratorio musicale e visita guidata<\/strong><br \/>\na cura di Irene Ientile e Marcella Napolitano, La Casa della Musica<br \/>\n<strong>Anni<\/strong>: 12 \u2013 36 mesi |3 \u2013 4 anni<\/p>\n<p>L\u2019esperienza di un&#8217;immersione sensoriale completa in cui il fenomeno sonoro sar\u00e0 il punto di partenza per l\u2019esplorazione degli altri sensi\u2026<a href=\"#scopri\"><span style=\"text-decoration: underline;\">Scopri di pi\u00f9<\/span><\/a><\/p>\n<p>&nbsp;<\/p>\n<h4><img decoding=\"async\" class=\"miomob wp-image-26553 size-medium alignnone\" src=\"https:\/\/www.marthapalermo.it\/wp-content\/uploads\/2024\/05\/Traccia-207x300.webp\" alt=\"\" width=\"207\" height=\"300\" srcset=\"https:\/\/www.marthapalermo.it\/wp-content\/uploads\/2024\/05\/Traccia-207x300.webp 207w, https:\/\/www.marthapalermo.it\/wp-content\/uploads\/2024\/05\/Traccia-706x1024.webp 706w, https:\/\/www.marthapalermo.it\/wp-content\/uploads\/2024\/05\/Traccia-768x1114.webp 768w, https:\/\/www.marthapalermo.it\/wp-content\/uploads\/2024\/05\/Traccia-1059x1536.webp 1059w, https:\/\/www.marthapalermo.it\/wp-content\/uploads\/2024\/05\/Traccia.webp 1200w\" sizes=\"(max-width: 207px) 100vw, 207px\" \/><\/h4>\n<h4><\/h4>\n<h4><\/h4>\n<h4>Tr\u00e0ccia<\/h4>\n<p><strong>Visita guidata e laboratorio per bambin*<\/strong><br \/>\na cura di Caterina Strafalaci, Radici Piccolo Museo della Natura<br \/>\n<strong>Anni<\/strong>: 6 +<\/p>\n<p>La natura si rivela nelle sue forme, si mostra con le sue tracce, si fonde con la materia e racconta intrecci e connessioni. Ispirati dal lavoro delle due artiste metteremo in dialogo linguaggi diversi, sperimentando la monotipia con immagini fotografiche e campioni botanici e il basso rilievo su argilla\u00b0\u2026<a href=\"#scopri\"><span style=\"text-decoration: underline;\">Scopri di pi\u00f9<\/span><\/a><\/p>\n<p>&nbsp;<\/p>\n","protected":false},"author":1,"featured_media":26534,"template":"","meta":{"_acf_changed":false,"give_campaign_id":0,"_monsterinsights_skip_tracking":false,"_monsterinsights_sitenote_active":false,"_monsterinsights_sitenote_note":"","_monsterinsights_sitenote_category":0,"site-sidebar-layout":"default","site-content-layout":"","ast-site-content-layout":"default","site-content-style":"default","site-sidebar-style":"default","ast-global-header-display":"","ast-banner-title-visibility":"","ast-main-header-display":"","ast-hfb-above-header-display":"","ast-hfb-below-header-display":"","ast-hfb-mobile-header-display":"","site-post-title":"","ast-breadcrumbs-content":"","ast-featured-img":"","footer-sml-layout":"","ast-disable-related-posts":"","theme-transparent-header-meta":"default","adv-header-id-meta":"","stick-header-meta":"","header-above-stick-meta":"","header-main-stick-meta":"","header-below-stick-meta":"","astra-migrate-meta-layouts":"set","ast-page-background-enabled":"default","ast-page-background-meta":{"desktop":{"background-color":"var(--ast-global-color-4)","background-image":"","background-repeat":"repeat","background-position":"center center","background-size":"auto","background-attachment":"scroll","background-type":"","background-media":"","overlay-type":"","overlay-color":"","overlay-opacity":"","overlay-gradient":""},"tablet":{"background-color":"","background-image":"","background-repeat":"repeat","background-position":"center center","background-size":"auto","background-attachment":"scroll","background-type":"","background-media":"","overlay-type":"","overlay-color":"","overlay-opacity":"","overlay-gradient":""},"mobile":{"background-color":"","background-image":"","background-repeat":"repeat","background-position":"center center","background-size":"auto","background-attachment":"scroll","background-type":"","background-media":"","overlay-type":"","overlay-color":"","overlay-opacity":"","overlay-gradient":""}},"ast-content-background-meta":{"desktop":{"background-color":"var(--ast-global-color-5)","background-image":"","background-repeat":"repeat","background-position":"center center","background-size":"auto","background-attachment":"scroll","background-type":"","background-media":"","overlay-type":"","overlay-color":"","overlay-opacity":"","overlay-gradient":""},"tablet":{"background-color":"var(--ast-global-color-5)","background-image":"","background-repeat":"repeat","background-position":"center center","background-size":"auto","background-attachment":"scroll","background-type":"","background-media":"","overlay-type":"","overlay-color":"","overlay-opacity":"","overlay-gradient":""},"mobile":{"background-color":"var(--ast-global-color-5)","background-image":"","background-repeat":"repeat","background-position":"center center","background-size":"auto","background-attachment":"scroll","background-type":"","background-media":"","overlay-type":"","overlay-color":"","overlay-opacity":"","overlay-gradient":""}}},"product_brand":[],"product_cat":[158,198],"product_tag":[418],"class_list":{"0":"post-26403","1":"product","2":"type-product","3":"status-publish","4":"has-post-thumbnail","6":"product_cat-altro","7":"product_cat-laboratori","8":"product_tag-noway","9":"desktop-align-left","10":"tablet-align-left","11":"mobile-align-left","13":"first","14":"instock","15":"taxable","16":"shipping-taxable","17":"product-type-variable"},"acf":[],"_links":{"self":[{"href":"https:\/\/www.marthapalermo.it\/en\/wp-json\/wp\/v2\/product\/26403","targetHints":{"allow":["GET"]}}],"collection":[{"href":"https:\/\/www.marthapalermo.it\/en\/wp-json\/wp\/v2\/product"}],"about":[{"href":"https:\/\/www.marthapalermo.it\/en\/wp-json\/wp\/v2\/types\/product"}],"author":[{"embeddable":true,"href":"https:\/\/www.marthapalermo.it\/en\/wp-json\/wp\/v2\/users\/1"}],"wp:featuredmedia":[{"embeddable":true,"href":"https:\/\/www.marthapalermo.it\/en\/wp-json\/wp\/v2\/media\/26534"}],"wp:attachment":[{"href":"https:\/\/www.marthapalermo.it\/en\/wp-json\/wp\/v2\/media?parent=26403"}],"wp:term":[{"taxonomy":"product_brand","embeddable":true,"href":"https:\/\/www.marthapalermo.it\/en\/wp-json\/wp\/v2\/product_brand?post=26403"},{"taxonomy":"product_cat","embeddable":true,"href":"https:\/\/www.marthapalermo.it\/en\/wp-json\/wp\/v2\/product_cat?post=26403"},{"taxonomy":"product_tag","embeddable":true,"href":"https:\/\/www.marthapalermo.it\/en\/wp-json\/wp\/v2\/product_tag?post=26403"}],"curies":[{"name":"wp","href":"https:\/\/api.w.org\/{rel}","templated":true}]}}