{"id":31733,"date":"2025-10-02T15:20:26","date_gmt":"2025-10-02T13:20:26","guid":{"rendered":"https:\/\/www.marthapalermo.it\/eventi\/uncategorized\/stela-dicusara-lorenzo-meo\/"},"modified":"2025-10-26T13:06:56","modified_gmt":"2025-10-26T12:06:56","slug":"stela-dicusara-lorenzo-meo","status":"publish","type":"product","link":"https:\/\/www.marthapalermo.it\/en\/eventi\/house-concert-en\/stela-dicusara-lorenzo-meo\/","title":{"rendered":"STELA DICUSARA <br>LORENZO MEO"},"content":{"rendered":"","protected":false},"excerpt":{"rendered":"<p>The duo formed by soprano Stela Dicusar\u0103 and pianist Lorenzo Meo offers a refined program of vocal chamber music spanning two centuries. The invitation is to engage in an imaginary musical journey through listening to lieder, chansons and piano pieces of rare beauty composed by Wolfgang Amadeus Mozart, Gioacchino Rossini, Erik Satie, Maurice Ravel and Sergej Rachmaninof. <\/p>\n<p>&nbsp;<\/p>\n<h4>CONCERT PROGRAM<\/h4>\n<p>W. A. Mozart: Als Luise, Das Veilchen, Abendempfindung, Dans un bois solitaire, Der Zauberer<\/p>\n<p>E. Satie, Trois Gnossiennes: Trois M\u00e8lodies de 1886:, Les Anges \/ \u00c9l\u00e9gie \/ Sylvie<\/p>\n<p>M. Ravel: Pr\u00e8lude M. 65, Cinq m\u00e9lodies populares grecques, Chanson de la mari\u00e9e, L\u00e0-bas, vers l&#8217;\u00e9glise, Quel galant m&#8217;est comparable, Chanson des cueilleuses de lentisques, Tout gai!<\/p>\n<p>S. Rachmaninov: Vocalise, Siren&#8217;, Ia ne profet, Pr\u00e9lude No. 5 op.32, Zdes&#8217; khorosho <\/p>\n<p>&nbsp;<\/p>\n<p><img fetchpriority=\"high\" decoding=\"async\" class=\"alignnone wp-image-28888 size-full\" src=\"https:\/\/www.marthapalermo.it\/wp-content\/uploads\/2025\/03\/martha3-vino.jpg\" alt=\"concert and wine\" width=\"800\" height=\"533\" srcset=\"https:\/\/www.marthapalermo.it\/wp-content\/uploads\/2025\/03\/martha3-vino.jpg 800w, https:\/\/www.marthapalermo.it\/wp-content\/uploads\/2025\/03\/martha3-vino-300x200.jpg 300w, https:\/\/www.marthapalermo.it\/wp-content\/uploads\/2025\/03\/martha3-vino-768x512.jpg 768w\" sizes=\"(max-width: 800px) 100vw, 800px\" \/><\/p>\n<p>At the end of the performance, a wine tasting offered by top Sicilian wineries will be offered to the audience.<\/p>\n<p><img decoding=\"async\" class=\"alignnone wp-image-31543\" src=\"https:\/\/www.marthapalermo.it\/wp-content\/uploads\/2025\/10\/loghi_sponsor_microseason3.png\" alt=\"\" width=\"447\" height=\"140\" srcset=\"https:\/\/www.marthapalermo.it\/wp-content\/uploads\/2025\/10\/loghi_sponsor_microseason3.png 1005w, https:\/\/www.marthapalermo.it\/wp-content\/uploads\/2025\/10\/loghi_sponsor_microseason3-300x94.png 300w, https:\/\/www.marthapalermo.it\/wp-content\/uploads\/2025\/10\/loghi_sponsor_microseason3-768x241.png 768w\" sizes=\"(max-width: 447px) 100vw, 447px\" \/><\/p>\n","protected":false},"author":34,"featured_media":31734,"template":"","meta":{"_acf_changed":false,"give_campaign_id":0,"_monsterinsights_skip_tracking":false,"_monsterinsights_sitenote_active":false,"_monsterinsights_sitenote_note":"","_monsterinsights_sitenote_category":0,"site-sidebar-layout":"default","site-content-layout":"","ast-site-content-layout":"default","site-content-style":"default","site-sidebar-style":"default","ast-global-header-display":"","ast-banner-title-visibility":"","ast-main-header-display":"","ast-hfb-above-header-display":"","ast-hfb-below-header-display":"","ast-hfb-mobile-header-display":"","site-post-title":"","ast-breadcrumbs-content":"","ast-featured-img":"","footer-sml-layout":"","ast-disable-related-posts":"","theme-transparent-header-meta":"default","adv-header-id-meta":"","stick-header-meta":"","header-above-stick-meta":"","header-main-stick-meta":"","header-below-stick-meta":"","astra-migrate-meta-layouts":"default","ast-page-background-enabled":"default","ast-page-background-meta":{"desktop":{"background-color":"var(--ast-global-color-4)","background-image":"","background-repeat":"repeat","background-position":"center center","background-size":"auto","background-attachment":"scroll","background-type":"","background-media":"","overlay-type":"","overlay-color":"","overlay-opacity":"","overlay-gradient":""},"tablet":{"background-color":"","background-image":"","background-repeat":"repeat","background-position":"center center","background-size":"auto","background-attachment":"scroll","background-type":"","background-media":"","overlay-type":"","overlay-color":"","overlay-opacity":"","overlay-gradient":""},"mobile":{"background-color":"","background-image":"","background-repeat":"repeat","background-position":"center center","background-size":"auto","background-attachment":"scroll","background-type":"","background-media":"","overlay-type":"","overlay-color":"","overlay-opacity":"","overlay-gradient":""}},"ast-content-background-meta":{"desktop":{"background-color":"var(--ast-global-color-5)","background-image":"","background-repeat":"repeat","background-position":"center center","background-size":"auto","background-attachment":"scroll","background-type":"","background-media":"","overlay-type":"","overlay-color":"","overlay-opacity":"","overlay-gradient":""},"tablet":{"background-color":"var(--ast-global-color-5)","background-image":"","background-repeat":"repeat","background-position":"center center","background-size":"auto","background-attachment":"scroll","background-type":"","background-media":"","overlay-type":"","overlay-color":"","overlay-opacity":"","overlay-gradient":""},"mobile":{"background-color":"var(--ast-global-color-5)","background-image":"","background-repeat":"repeat","background-position":"center center","background-size":"auto","background-attachment":"scroll","background-type":"","background-media":"","overlay-type":"","overlay-color":"","overlay-opacity":"","overlay-gradient":""}}},"product_brand":[],"product_cat":[147],"product_tag":[419],"class_list":{"0":"post-31733","1":"product","2":"type-product","3":"status-publish","4":"has-post-thumbnail","6":"product_cat-house-concert-en","7":"product_tag-noway","8":"desktop-align-left","9":"tablet-align-left","10":"mobile-align-left","12":"first","13":"instock","14":"taxable","15":"shipping-taxable","16":"purchasable","17":"product-type-variable"},"acf":[],"_links":{"self":[{"href":"https:\/\/www.marthapalermo.it\/en\/wp-json\/wp\/v2\/product\/31733","targetHints":{"allow":["GET"]}}],"collection":[{"href":"https:\/\/www.marthapalermo.it\/en\/wp-json\/wp\/v2\/product"}],"about":[{"href":"https:\/\/www.marthapalermo.it\/en\/wp-json\/wp\/v2\/types\/product"}],"author":[{"embeddable":true,"href":"https:\/\/www.marthapalermo.it\/en\/wp-json\/wp\/v2\/users\/34"}],"wp:featuredmedia":[{"embeddable":true,"href":"https:\/\/www.marthapalermo.it\/en\/wp-json\/wp\/v2\/media\/31734"}],"wp:attachment":[{"href":"https:\/\/www.marthapalermo.it\/en\/wp-json\/wp\/v2\/media?parent=31733"}],"wp:term":[{"taxonomy":"product_brand","embeddable":true,"href":"https:\/\/www.marthapalermo.it\/en\/wp-json\/wp\/v2\/product_brand?post=31733"},{"taxonomy":"product_cat","embeddable":true,"href":"https:\/\/www.marthapalermo.it\/en\/wp-json\/wp\/v2\/product_cat?post=31733"},{"taxonomy":"product_tag","embeddable":true,"href":"https:\/\/www.marthapalermo.it\/en\/wp-json\/wp\/v2\/product_tag?post=31733"}],"curies":[{"name":"wp","href":"https:\/\/api.w.org\/{rel}","templated":true}]}}