{"id":34097,"date":"2026-04-17T11:44:41","date_gmt":"2026-04-17T09:44:41","guid":{"rendered":"https:\/\/www.marthapalermo.it\/?post_type=product&#038;p=34097"},"modified":"2026-04-18T16:51:59","modified_gmt":"2026-04-18T14:51:59","slug":"cello-orchestra-masterclass-auditions-copia","status":"publish","type":"product","link":"https:\/\/www.marthapalermo.it\/en\/eventi\/masterclass-en\/cello-orchestra-masterclass-auditions-copia\/","title":{"rendered":"The flute orchestra masterclass auditions"},"content":{"rendered":"","protected":false},"excerpt":{"rendered":"<p>The masterclass is intended for all flutists and flautists who wish to prepare for orchestra auditions.<\/p>\n<p>The meeting held by Maestros Gianluca <strong>Campo<\/strong>, first flute of the Teatro La Fenice in Venice, Riccardo <strong>Ghiani<\/strong>, first flute of the Orchestra of the Teatro Lirico in Cagliari, is part of the fourth edition of the annual course of high specialization in flute 2025\/2026.<\/p>\n<p>In addition to individual instrument lessons for actual students, the Masterclass will bring the<strong> focus to simulated orchestra auditions<\/strong>.<\/p>\n<p>A real audition for all actual masterclass students. In front of a committee chaired by the Masters and external commissioners, the students will be able to test themselves with an audition program composed of pieces and orchestral passages among the most popular in the calls for auditions and competitions. At the end of the rehearsal, participants will have a personal discussion with the teachers to receive feedback on the rehearsal and any suggestions for improvement.    <strong>Rehearsals will be open to auditors.<\/strong><\/p>\n<p><strong>AUDITION PROGRAM<\/strong><\/p>\n<p>Mandatory song:<\/p>\n<p>W.A.Mozart &#8211; Concerto in D major, K.314, exposition I and II movement<\/p>\n<p>Exposition of<strong> the passage<\/strong>:<\/p>\n<p>G. Faure &#8211; Fantaisie, op.79<\/p>\n<p>Orchestral steps:<\/p>\n<p>\u25cf C. Debussy: Pr\u00e9lude \u00e0 l&#8217;Apr\u00e8s-midi d&#8217;un Faune<br \/>\n\u25cf M. Ravel: Daphnis et Chlo\u00e9 (solo)<br \/>\n\u25cf P. Hindemith: Sinfonische Metamorphosen (andantino)<br \/>\n\u25cf A. Dvorak: Symphony 8 (4. mov.)<br \/>\n\u25cf J.S. Bach: Matth\u00e4us Passion: (Aus Liebe will mein Heiland sterben)<br \/>\n\u25cf L.V. Beethoven: Symphony 3 Eroica (finale)<br \/>\n\u25cf L.V. Beethoven:Overture Leonora III (Beginning and solo allegro)<br \/>\n\u25cf F. Mendelssohn: A Midsummer Night&#8217;s Dream (Scherzo)<br \/>\n\u25cf Bellini: Norma (Casta Diva)<br \/>\n\u25cf Mozart Zauberfl\u00f6te (Nos. 8; 13; 21)<br \/>\n\u25cf Prokofiev: Peter and the Wolf (Solo Principals)<br \/>\n\u25cf Strauss: Rosenkavalier (First Step)<\/p>\n<p>MARTHA opens each meeting of the advanced courses to auditors by reserving special discounts for music students and class groups. This is a unique opportunity to participate in the life of the MARTHA Academy by listening to the advice of great masters during performances and lessons by young and talented musicians on the great flute repertoire. <\/p>\n","protected":false},"author":34,"featured_media":34113,"template":"","meta":{"_acf_changed":false,"give_campaign_id":0,"_monsterinsights_skip_tracking":false,"_monsterinsights_sitenote_active":false,"_monsterinsights_sitenote_note":"","_monsterinsights_sitenote_category":0,"site-sidebar-layout":"default","site-content-layout":"","ast-site-content-layout":"default","site-content-style":"default","site-sidebar-style":"default","ast-global-header-display":"","ast-banner-title-visibility":"","ast-main-header-display":"","ast-hfb-above-header-display":"","ast-hfb-below-header-display":"","ast-hfb-mobile-header-display":"","site-post-title":"","ast-breadcrumbs-content":"","ast-featured-img":"","footer-sml-layout":"","ast-disable-related-posts":"","theme-transparent-header-meta":"default","adv-header-id-meta":"","stick-header-meta":"","header-above-stick-meta":"","header-main-stick-meta":"","header-below-stick-meta":"","astra-migrate-meta-layouts":"set","ast-page-background-enabled":"default","ast-page-background-meta":{"desktop":{"background-color":"var(--ast-global-color-4)","background-image":"","background-repeat":"repeat","background-position":"center center","background-size":"auto","background-attachment":"scroll","background-type":"","background-media":"","overlay-type":"","overlay-color":"","overlay-opacity":"","overlay-gradient":""},"tablet":{"background-color":"","background-image":"","background-repeat":"repeat","background-position":"center center","background-size":"auto","background-attachment":"scroll","background-type":"","background-media":"","overlay-type":"","overlay-color":"","overlay-opacity":"","overlay-gradient":""},"mobile":{"background-color":"","background-image":"","background-repeat":"repeat","background-position":"center center","background-size":"auto","background-attachment":"scroll","background-type":"","background-media":"","overlay-type":"","overlay-color":"","overlay-opacity":"","overlay-gradient":""}},"ast-content-background-meta":{"desktop":{"background-color":"var(--ast-global-color-5)","background-image":"","background-repeat":"repeat","background-position":"center center","background-size":"auto","background-attachment":"scroll","background-type":"","background-media":"","overlay-type":"","overlay-color":"","overlay-opacity":"","overlay-gradient":""},"tablet":{"background-color":"var(--ast-global-color-5)","background-image":"","background-repeat":"repeat","background-position":"center center","background-size":"auto","background-attachment":"scroll","background-type":"","background-media":"","overlay-type":"","overlay-color":"","overlay-opacity":"","overlay-gradient":""},"mobile":{"background-color":"var(--ast-global-color-5)","background-image":"","background-repeat":"repeat","background-position":"center center","background-size":"auto","background-attachment":"scroll","background-type":"","background-media":"","overlay-type":"","overlay-color":"","overlay-opacity":"","overlay-gradient":""}}},"product_brand":[],"product_cat":[93],"product_tag":[],"class_list":{"0":"post-34097","1":"product","2":"type-product","3":"status-publish","4":"has-post-thumbnail","6":"product_cat-masterclass-en","7":"desktop-align-left","8":"tablet-align-left","9":"mobile-align-left","11":"first","12":"instock","13":"taxable","14":"shipping-taxable","15":"purchasable","16":"product-type-variable"},"acf":[],"yoast_head":"<!-- This site is optimized with the Yoast SEO plugin v26.9 - https:\/\/yoast.com\/product\/yoast-seo-wordpress\/ -->\n<title>The flute orchestra masterclass auditions - Martha - Music ART House Academy<\/title>\n<meta name=\"description\" content=\"The meeting held by Maestros Gianluca Campo and Riccardo Ghiani is part of the annual advanced flute course2025\/2026.\" \/>\n<meta name=\"robots\" content=\"index, follow, max-snippet:-1, max-image-preview:large, max-video-preview:-1\" \/>\n<link rel=\"canonical\" href=\"https:\/\/www.marthapalermo.it\/en\/eventi\/masterclass-en\/cello-orchestra-masterclass-auditions-copia\/\" \/>\n<meta property=\"og:locale\" content=\"en_US\" \/>\n<meta property=\"og:type\" content=\"article\" \/>\n<meta property=\"og:title\" content=\"The flute orchestra masterclass auditions - Martha - Music ART House Academy\" \/>\n<meta property=\"og:description\" content=\"The meeting held by Maestros Gianluca Campo and Riccardo Ghiani is part of the annual advanced flute course2025\/2026.\" \/>\n<meta property=\"og:url\" content=\"https:\/\/www.marthapalermo.it\/en\/eventi\/masterclass-en\/cello-orchestra-masterclass-auditions-copia\/\" \/>\n<meta property=\"og:site_name\" content=\"Martha - Music ART House Academy\" \/>\n<meta property=\"article:publisher\" content=\"https:\/\/www.facebook.com\/MarthaMusicARTHouseAcademy\" \/>\n<meta property=\"article:modified_time\" content=\"2026-04-18T14:51:59+00:00\" \/>\n<meta property=\"og:image\" content=\"https:\/\/www.marthapalermo.it\/wp-content\/uploads\/2026\/04\/orchestra_flauto_2026_ITA.jpg\" \/>\n\t<meta property=\"og:image:width\" content=\"600\" \/>\n\t<meta property=\"og:image:height\" content=\"600\" \/>\n\t<meta property=\"og:image:type\" content=\"image\/jpeg\" \/>\n<meta name=\"twitter:card\" content=\"summary_large_image\" \/>\n<meta name=\"twitter:label1\" content=\"Est. reading time\" \/>\n\t<meta name=\"twitter:data1\" content=\"1 minute\" \/>\n<script type=\"application\/ld+json\" class=\"yoast-schema-graph\">{\"@context\":\"https:\/\/schema.org\",\"@graph\":[{\"@type\":\"WebPage\",\"@id\":\"https:\/\/www.marthapalermo.it\/en\/eventi\/masterclass-en\/cello-orchestra-masterclass-auditions-copia\/\",\"url\":\"https:\/\/www.marthapalermo.it\/en\/eventi\/masterclass-en\/cello-orchestra-masterclass-auditions-copia\/\",\"name\":\"The flute orchestra masterclass auditions - Martha - Music ART House Academy\",\"isPartOf\":{\"@id\":\"https:\/\/www.marthapalermo.it\/en\/#website\"},\"primaryImageOfPage\":{\"@id\":\"https:\/\/www.marthapalermo.it\/en\/eventi\/masterclass-en\/cello-orchestra-masterclass-auditions-copia\/#primaryimage\"},\"image\":{\"@id\":\"https:\/\/www.marthapalermo.it\/en\/eventi\/masterclass-en\/cello-orchestra-masterclass-auditions-copia\/#primaryimage\"},\"thumbnailUrl\":\"https:\/\/www.marthapalermo.it\/wp-content\/uploads\/2026\/04\/orchestra_flauto_2026_ITA.jpg\",\"datePublished\":\"2026-04-17T09:44:41+00:00\",\"dateModified\":\"2026-04-18T14:51:59+00:00\",\"description\":\"The meeting held by Maestros Gianluca Campo and Riccardo Ghiani is part of the annual advanced flute course2025\/2026.\",\"breadcrumb\":{\"@id\":\"https:\/\/www.marthapalermo.it\/en\/eventi\/masterclass-en\/cello-orchestra-masterclass-auditions-copia\/#breadcrumb\"},\"inLanguage\":\"en-US\",\"potentialAction\":[{\"@type\":\"ReadAction\",\"target\":[\"https:\/\/www.marthapalermo.it\/en\/eventi\/masterclass-en\/cello-orchestra-masterclass-auditions-copia\/\"]}]},{\"@type\":\"ImageObject\",\"inLanguage\":\"en-US\",\"@id\":\"https:\/\/www.marthapalermo.it\/en\/eventi\/masterclass-en\/cello-orchestra-masterclass-auditions-copia\/#primaryimage\",\"url\":\"https:\/\/www.marthapalermo.it\/wp-content\/uploads\/2026\/04\/orchestra_flauto_2026_ITA.jpg\",\"contentUrl\":\"https:\/\/www.marthapalermo.it\/wp-content\/uploads\/2026\/04\/orchestra_flauto_2026_ITA.jpg\",\"width\":600,\"height\":600,\"caption\":\"orchestra_flauto_2026_ITA\"},{\"@type\":\"BreadcrumbList\",\"@id\":\"https:\/\/www.marthapalermo.it\/en\/eventi\/masterclass-en\/cello-orchestra-masterclass-auditions-copia\/#breadcrumb\",\"itemListElement\":[{\"@type\":\"ListItem\",\"position\":1,\"name\":\"Home\",\"item\":\"https:\/\/www.marthapalermo.it\/en\/\"},{\"@type\":\"ListItem\",\"position\":2,\"name\":\"Events\",\"item\":\"https:\/\/www.marthapalermo.it\/en\/events\/\"},{\"@type\":\"ListItem\",\"position\":3,\"name\":\"The flute orchestra masterclass auditions\"}]},{\"@type\":\"WebSite\",\"@id\":\"https:\/\/www.marthapalermo.it\/en\/#website\",\"url\":\"https:\/\/www.marthapalermo.it\/en\/\",\"name\":\"Martha - Music ART House Academy\",\"description\":\"Music ART House Academy\",\"publisher\":{\"@id\":\"https:\/\/www.marthapalermo.it\/en\/#organization\"},\"potentialAction\":[{\"@type\":\"SearchAction\",\"target\":{\"@type\":\"EntryPoint\",\"urlTemplate\":\"https:\/\/www.marthapalermo.it\/en\/?s={search_term_string}\"},\"query-input\":{\"@type\":\"PropertyValueSpecification\",\"valueRequired\":true,\"valueName\":\"search_term_string\"}}],\"inLanguage\":\"en-US\"},{\"@type\":\"Organization\",\"@id\":\"https:\/\/www.marthapalermo.it\/en\/#organization\",\"name\":\"Martha - Music ART House Academy\",\"url\":\"https:\/\/www.marthapalermo.it\/en\/\",\"logo\":{\"@type\":\"ImageObject\",\"inLanguage\":\"en-US\",\"@id\":\"https:\/\/www.marthapalermo.it\/en\/#\/schema\/logo\/image\/\",\"url\":\"https:\/\/www.marthapalermo.it\/wp-content\/uploads\/2022\/05\/cropped-VideoCapture_20220516-191311.jpg\",\"contentUrl\":\"https:\/\/www.marthapalermo.it\/wp-content\/uploads\/2022\/05\/cropped-VideoCapture_20220516-191311.jpg\",\"width\":640,\"height\":438,\"caption\":\"Martha - Music ART House Academy\"},\"image\":{\"@id\":\"https:\/\/www.marthapalermo.it\/en\/#\/schema\/logo\/image\/\"},\"sameAs\":[\"https:\/\/www.facebook.com\/MarthaMusicARTHouseAcademy\"]}]}<\/script>\n<!-- \/ Yoast SEO plugin. -->","yoast_head_json":{"title":"The flute orchestra masterclass auditions - Martha - Music ART House Academy","description":"The meeting held by Maestros Gianluca Campo and Riccardo Ghiani is part of the annual advanced flute course2025\/2026.","robots":{"index":"index","follow":"follow","max-snippet":"max-snippet:-1","max-image-preview":"max-image-preview:large","max-video-preview":"max-video-preview:-1"},"canonical":"https:\/\/www.marthapalermo.it\/en\/eventi\/masterclass-en\/cello-orchestra-masterclass-auditions-copia\/","og_locale":"en_US","og_type":"article","og_title":"The flute orchestra masterclass auditions - Martha - Music ART House Academy","og_description":"The meeting held by Maestros Gianluca Campo and Riccardo Ghiani is part of the annual advanced flute course2025\/2026.","og_url":"https:\/\/www.marthapalermo.it\/en\/eventi\/masterclass-en\/cello-orchestra-masterclass-auditions-copia\/","og_site_name":"Martha - Music ART House Academy","article_publisher":"https:\/\/www.facebook.com\/MarthaMusicARTHouseAcademy","article_modified_time":"2026-04-18T14:51:59+00:00","og_image":[{"width":600,"height":600,"url":"https:\/\/www.marthapalermo.it\/wp-content\/uploads\/2026\/04\/orchestra_flauto_2026_ITA.jpg","type":"image\/jpeg"}],"twitter_card":"summary_large_image","twitter_misc":{"Est. reading time":"1 minute"},"schema":{"@context":"https:\/\/schema.org","@graph":[{"@type":"WebPage","@id":"https:\/\/www.marthapalermo.it\/en\/eventi\/masterclass-en\/cello-orchestra-masterclass-auditions-copia\/","url":"https:\/\/www.marthapalermo.it\/en\/eventi\/masterclass-en\/cello-orchestra-masterclass-auditions-copia\/","name":"The flute orchestra masterclass auditions - Martha - Music ART House Academy","isPartOf":{"@id":"https:\/\/www.marthapalermo.it\/en\/#website"},"primaryImageOfPage":{"@id":"https:\/\/www.marthapalermo.it\/en\/eventi\/masterclass-en\/cello-orchestra-masterclass-auditions-copia\/#primaryimage"},"image":{"@id":"https:\/\/www.marthapalermo.it\/en\/eventi\/masterclass-en\/cello-orchestra-masterclass-auditions-copia\/#primaryimage"},"thumbnailUrl":"https:\/\/www.marthapalermo.it\/wp-content\/uploads\/2026\/04\/orchestra_flauto_2026_ITA.jpg","datePublished":"2026-04-17T09:44:41+00:00","dateModified":"2026-04-18T14:51:59+00:00","description":"The meeting held by Maestros Gianluca Campo and Riccardo Ghiani is part of the annual advanced flute course2025\/2026.","breadcrumb":{"@id":"https:\/\/www.marthapalermo.it\/en\/eventi\/masterclass-en\/cello-orchestra-masterclass-auditions-copia\/#breadcrumb"},"inLanguage":"en-US","potentialAction":[{"@type":"ReadAction","target":["https:\/\/www.marthapalermo.it\/en\/eventi\/masterclass-en\/cello-orchestra-masterclass-auditions-copia\/"]}]},{"@type":"ImageObject","inLanguage":"en-US","@id":"https:\/\/www.marthapalermo.it\/en\/eventi\/masterclass-en\/cello-orchestra-masterclass-auditions-copia\/#primaryimage","url":"https:\/\/www.marthapalermo.it\/wp-content\/uploads\/2026\/04\/orchestra_flauto_2026_ITA.jpg","contentUrl":"https:\/\/www.marthapalermo.it\/wp-content\/uploads\/2026\/04\/orchestra_flauto_2026_ITA.jpg","width":600,"height":600,"caption":"orchestra_flauto_2026_ITA"},{"@type":"BreadcrumbList","@id":"https:\/\/www.marthapalermo.it\/en\/eventi\/masterclass-en\/cello-orchestra-masterclass-auditions-copia\/#breadcrumb","itemListElement":[{"@type":"ListItem","position":1,"name":"Home","item":"https:\/\/www.marthapalermo.it\/en\/"},{"@type":"ListItem","position":2,"name":"Events","item":"https:\/\/www.marthapalermo.it\/en\/events\/"},{"@type":"ListItem","position":3,"name":"The flute orchestra masterclass auditions"}]},{"@type":"WebSite","@id":"https:\/\/www.marthapalermo.it\/en\/#website","url":"https:\/\/www.marthapalermo.it\/en\/","name":"Martha - Music ART House Academy","description":"Music ART House Academy","publisher":{"@id":"https:\/\/www.marthapalermo.it\/en\/#organization"},"potentialAction":[{"@type":"SearchAction","target":{"@type":"EntryPoint","urlTemplate":"https:\/\/www.marthapalermo.it\/en\/?s={search_term_string}"},"query-input":{"@type":"PropertyValueSpecification","valueRequired":true,"valueName":"search_term_string"}}],"inLanguage":"en-US"},{"@type":"Organization","@id":"https:\/\/www.marthapalermo.it\/en\/#organization","name":"Martha - Music ART House Academy","url":"https:\/\/www.marthapalermo.it\/en\/","logo":{"@type":"ImageObject","inLanguage":"en-US","@id":"https:\/\/www.marthapalermo.it\/en\/#\/schema\/logo\/image\/","url":"https:\/\/www.marthapalermo.it\/wp-content\/uploads\/2022\/05\/cropped-VideoCapture_20220516-191311.jpg","contentUrl":"https:\/\/www.marthapalermo.it\/wp-content\/uploads\/2022\/05\/cropped-VideoCapture_20220516-191311.jpg","width":640,"height":438,"caption":"Martha - Music ART House Academy"},"image":{"@id":"https:\/\/www.marthapalermo.it\/en\/#\/schema\/logo\/image\/"},"sameAs":["https:\/\/www.facebook.com\/MarthaMusicARTHouseAcademy"]}]}},"_links":{"self":[{"href":"https:\/\/www.marthapalermo.it\/en\/wp-json\/wp\/v2\/product\/34097","targetHints":{"allow":["GET"]}}],"collection":[{"href":"https:\/\/www.marthapalermo.it\/en\/wp-json\/wp\/v2\/product"}],"about":[{"href":"https:\/\/www.marthapalermo.it\/en\/wp-json\/wp\/v2\/types\/product"}],"author":[{"embeddable":true,"href":"https:\/\/www.marthapalermo.it\/en\/wp-json\/wp\/v2\/users\/34"}],"wp:featuredmedia":[{"embeddable":true,"href":"https:\/\/www.marthapalermo.it\/en\/wp-json\/wp\/v2\/media\/34113"}],"wp:attachment":[{"href":"https:\/\/www.marthapalermo.it\/en\/wp-json\/wp\/v2\/media?parent=34097"}],"wp:term":[{"taxonomy":"product_brand","embeddable":true,"href":"https:\/\/www.marthapalermo.it\/en\/wp-json\/wp\/v2\/product_brand?post=34097"},{"taxonomy":"product_cat","embeddable":true,"href":"https:\/\/www.marthapalermo.it\/en\/wp-json\/wp\/v2\/product_cat?post=34097"},{"taxonomy":"product_tag","embeddable":true,"href":"https:\/\/www.marthapalermo.it\/en\/wp-json\/wp\/v2\/product_tag?post=34097"}],"curies":[{"name":"wp","href":"https:\/\/api.w.org\/{rel}","templated":true}]}}